{"id":1421,"date":"2024-09-10T05:54:45","date_gmt":"2024-09-10T05:54:45","guid":{"rendered":"https:\/\/polydono.ch\/services\/"},"modified":"2026-01-27T08:04:28","modified_gmt":"2026-01-27T08:04:28","slug":"services","status":"publish","type":"page","link":"https:\/\/polydono.ch\/fr\/services\/","title":{"rendered":"Services"},"content":{"rendered":"\n<div class=\"wp-block-cover main-overlay\" style=\"min-height:764px;aspect-ratio:unset;\"><img loading=\"lazy\" decoding=\"async\" width=\"1920\" height=\"763\" class=\"wp-block-cover__image-background wp-image-76\" alt=\"\" src=\"https:\/\/polydono.ch\/wp-content\/uploads\/2024\/08\/Property-1carba_hofgut_guemligen_043-2560-2.png\" data-object-fit=\"cover\" srcset=\"https:\/\/polydono.ch\/wp-content\/uploads\/2024\/08\/Property-1carba_hofgut_guemligen_043-2560-2.png 1920w, https:\/\/polydono.ch\/wp-content\/uploads\/2024\/08\/Property-1carba_hofgut_guemligen_043-2560-2-300x119.png 300w, https:\/\/polydono.ch\/wp-content\/uploads\/2024\/08\/Property-1carba_hofgut_guemligen_043-2560-2-1024x407.png 1024w, https:\/\/polydono.ch\/wp-content\/uploads\/2024\/08\/Property-1carba_hofgut_guemligen_043-2560-2-768x305.png 768w, https:\/\/polydono.ch\/wp-content\/uploads\/2024\/08\/Property-1carba_hofgut_guemligen_043-2560-2-1536x610.png 1536w\" sizes=\"auto, (max-width: 1920px) 100vw, 1920px\" \/><span aria-hidden=\"true\" class=\"wp-block-cover__background has-background-dim-0 has-background-dim\" style=\"background-color:#005ea1\"><\/span><div class=\"wp-block-cover__inner-container has-global-padding is-layout-constrained wp-block-cover-is-layout-constrained\">\n<p class=\"has-text-align-center has-large-font-size\"><\/p>\n<\/div><\/div>\n\n\n\n<div class=\"wp-block-cover is-light banner-cover-card has-aspect-ratio\" style=\"margin-top:-250px;margin-bottom:0px;padding-top:0px;padding-right:0px;padding-bottom:0px;padding-left:0px;min-height:50px;aspect-ratio:auto;min-height:unset;\"><span aria-hidden=\"true\" class=\"wp-block-cover__background has-vivid-cyan-blue-background-color has-background-dim-0 has-background-dim\"><\/span><div class=\"wp-block-cover__inner-container has-global-padding is-layout-constrained wp-container-core-cover-is-layout-11ecfc75 wp-block-cover-is-layout-constrained\">\n<div class=\"wp-block-group is-nowrap is-layout-flex wp-container-core-group-is-layout-8750df27 wp-block-group-is-layout-flex\" style=\"margin-top:0px;margin-bottom:0px;padding-top:0px;padding-right:0px;padding-bottom:0px;padding-left:0px\">\n<div class=\"wp-block-group float-blue-box has-background wp-container-content-9e2f13cb is-vertical is-layout-flex wp-container-core-group-is-layout-74932e2a wp-block-group-is-layout-flex\" style=\"border-radius:5px;background-color:#005ea1;margin-top:0px;margin-bottom:0px;padding-top:48px;padding-right:132px;padding-bottom:76px;padding-left:109px\">\n<h2 class=\"wp-block-heading has-white-color has-text-color has-link-color wp-elements-d7868e5a26e9109eebb92e5f8ec71405\" style=\"font-size:40px;font-style:normal;font-weight:700;line-height:1.2\">Merchandising, <br>Fullservice &amp; Shops<\/h2>\n\n\n\n<p class=\"has-white-color has-text-color has-link-color wp-elements-d0f8a385bf6c3249525967bf85a77db4\" style=\"font-size:20px;font-style:normal;font-weight:400;line-height:1.2\">Nous proposons des solutions parfaites pour soutenir votre entreprise de mani\u00e8re globale.\nVous optimisez ainsi vos processus et vos co\u00fbts.\nL&rsquo;ensemble de la gamme est adapt\u00e9 de mani\u00e8re optimale \u00e0 vos besoins et les produits sont coordonn\u00e9s entre eux.  <\/p>\n\n\n\n<p><\/p>\n\n\n\n<p class=\"has-white-color has-text-color has-link-color has-medium-font-size wp-elements-3f8a2072f9cfddfac37bc762e80a6561\"><strong><strong>\u2022<\/strong> Vos articles promotionnels sont d&rsquo;un seul tenant et correspondent parfaitement au groupe cible <\/strong><br><strong><br><strong>\u2022<\/strong> Vous n&rsquo;avez qu&rsquo;un seul interlocuteur qui conna\u00eet parfaitement votre CI<\/strong><br><strong><br><strong>\u2022<\/strong> Vous \u00e9conomisez du temps, des co\u00fbts, de l&rsquo;espace de stockage et du personnel pour d&rsquo;autres activit\u00e9s importantes<\/strong><br><strong><br><strong>\u2022<\/strong> La communication, les ventes et la budg\u00e9tisation sont plus simples et plus flexibles<\/strong><\/p>\n\n\n\n<p class=\"has-link-color has-small-font-size wp-elements-3bd0679e1944b50a69f99fae0e03e3cc\"><\/p>\n\n\n\n<p class=\"has-white-color has-text-color has-link-color wp-elements-57ec9bb036e74e2c4e3faff0b01e2ab2\" style=\"font-size:20px;font-style:normal;font-weight:400;line-height:1.2\">Gr\u00e2ce \u00e0 IGC global promotion, nous offrons un service complet dans le monde entier.  <\/p>\n\n\n\n<div class=\"wp-block-columns zweispaltig is-layout-flex wp-container-core-columns-is-layout-28f84493 wp-block-columns-is-layout-flex\">\n<div class=\"wp-block-column is-layout-flow wp-block-column-is-layout-flow\">\n<p class=\"has-white-color has-text-color has-link-color wp-elements-7774b3ee016d6e579b1392ba51ee6483\" style=\"font-size:20px;font-style:normal;font-weight:400;line-height:1.2\"><a href=\"https:\/\/www.igcpromotions.com\/\" target=\"_blank\" rel=\"noreferrer noopener\"><\/a><a href=\"https:\/\/polydono.ch\/fr\/conseil\/\">\u2192 Conseil<\/a><span id=\"docs-internal-guid-723f5c6b-7fff-3337-0895-7c95a8c512a3\" style=\"font-weight:normal;\"><\/span><\/p>\n<\/div>\n\n\n\n<div class=\"wp-block-column is-layout-flow wp-block-column-is-layout-flow\">\n<p class=\"has-white-color has-text-color has-link-color wp-elements-7ab910df8af054739e512d9664df8da7\" style=\"font-size:20px;font-style:normal;font-weight:400;line-height:1.2\"><a href=\"https:\/\/www.igcpromotions.com\/\" target=\"_blank\" rel=\"noreferrer noopener\"><\/a><a href=\"https:\/\/www.igcpromotions.com\/\" target=\"_blank\" rel=\"noreferrer noopener\">\u2192 En savoir plus<\/a><span id=\"docs-internal-guid-723f5c6b-7fff-3337-0895-7c95a8c512a3\" style=\"font-weight:normal;\"><\/span><\/p>\n<\/div>\n<\/div>\n<\/div>\n<\/div>\n<\/div><\/div>\n\n\n\n<div class=\"wp-block-cover is-light m-top-responsive home-cover\" style=\"margin-top:120px;margin-bottom:0px;padding-top:0px;padding-bottom:0px;min-height:50px;aspect-ratio:unset;\" id=\"services\"><span aria-hidden=\"true\" class=\"wp-block-cover__background has-white-background-color has-background-dim-100 has-background-dim\"><\/span><div class=\"wp-block-cover__inner-container has-global-padding is-layout-constrained wp-container-core-cover-is-layout-a7d65ab0 wp-block-cover-is-layout-constrained\">\n<h3 class=\"wp-block-heading responsive-text has-text-color has-link-color wp-elements-84e4ec1ede2ea146dc710991efb38963\" style=\"color:#005ea1;font-size:40px;font-style:normal;font-weight:700;line-height:1.2\">Services<\/h3>\n\n\n\n<style>\n    #polydono-product-category-block-block_8b1bd932f860761635e3f6a75a7ed927 .polydono-repeater-card .product-category-detail h3 {\n        color: #ffffff;\n    }\n    #polydono-product-category-block-block_8b1bd932f860761635e3f6a75a7ed927 .polydono-repeater-card .product-category-detail p {\n        color: ;\n    }\n    #polydono-product-category-block-block_8b1bd932f860761635e3f6a75a7ed927 .polydono-repeater-card .item-card {\n        background-color: #005EA1;\n    }\n    #polydono-product-category-block-block_8b1bd932f860761635e3f6a75a7ed927 .polydono-repeater-card .description-extend {\n        color: ;\n    }\n\n\t.polydono-repeater-card{\n\t\tdisplay: flex;\n        justify-content: start;\n        flex-wrap: wrap;\n\t\tgap: 20px;\n\t}\n\t.polydono-repeater-card .item-card {\n\t\twidth: auto;\n\t\tpadding: 0;\n        background-color: #005EA1;\n        max-width: 420px;\n        border-radius: 5px;\n        overflow: hidden;\n        position: relative;\n        height: auto;\n\t}\n\t.polydono-repeater-card .item-card-inner {\n\t\twidth: 100%;\n\t\theight: 100%;\n        position: relative;\n        aspect-ratio: 1\/1;\n        max-width: 420px;\n        max-height: 420px;\n\t}\n\t.polydono-repeater-card .product-category-img {\n\t\twidth: 100%;\n\t\theight: 100%;\n\t\tobject-fit: cover;\n        min-width: 420px;\n        min-height: 420px;\n\t}\n\n    .polydono-repeater-card .description-extend{\n        font-family: Hind;\n        color: white;\n        font-weight: lighter;\n        font-size: 20px;\n        padding: 0;\n    }\n\n    .polydono-repeater-card .description-extend p{\n        margin: 36px 40px;\n    }\t\n\n\t@media only screen and (max-width: 768px) {\n        .polydono-repeater-card .product-category-img {\n\t\t\tmin-width: 100% !important;\n\t\t\tmin-height: 100% !important;\n\t\t\tobject-position: 50% 50%;\n\t\t}\n    }\n    @media only screen and (max-width: 600px) {\n        .polydono-repeater-card .polydono-repeater-card{\n            gap: 6px;\n        }\n\n        .polydono-repeater-card .item-card {\n            height: max-content;\n        }\n    }\n<\/style>\n\n\n<div class=\"polydono-product-category-block\" id=\"polydono-product-category-block-block_8b1bd932f860761635e3f6a75a7ed927\">\n    <div class=\"polydono-repeater-card\">\n        \n        <a target=\"_blank\" onclick=\"if (!this.href || this.href === &#039;#&#039;) { return false; }\" style=\"cursor: ;\" href=\"https:\/\/shop.polydono.ch\/webshop\" class=\"item-card\">\n            <div class=\"item-card-inner\">\n                <img decoding=\"async\" src=\"https:\/\/polydono.ch\/wp-content\/uploads\/2024\/09\/Rectangle-150.png\" alt=\"Produit\" class=\"product-category-img\"\/>\n                <div class=\"product-category-detail\">\n                                        <h3>\n                        Produit                    <\/h3>\n                    <p>\n                                            <\/p>\n                                    <\/div>\n            <\/div>\n                        <div class=\"description-extend\">\n                <p>\n                    D\u00e9veloppement et fabrication de produits individuels jusqu&#039;\u00e0 des lignes de produits compl\u00e8tes et des v\u00eatements d&#039;\u00e9quipe. \u2192                <\/p>\n            <\/div>\n                                <\/a>\n\n        \n        <a target=\"\" onclick=\"if (!this.href || this.href === '#') { return false; }\" style=\"cursor: ;\" href=\"\/fr\/conseil\/\" class=\"item-card\">\n            <div class=\"item-card-inner\">\n                <img decoding=\"async\" src=\"https:\/\/polydono.ch\/wp-content\/uploads\/2024\/09\/Rectangle-150-3-1.png\" alt=\"Design\" class=\"product-category-img\"\/>\n                <div class=\"product-category-detail\">\n                                        <h3>\n                        Design                    <\/h3>\n                    <p>\n                                            <\/p>\n                                    <\/div>\n            <\/div>\n                        <div class=\"description-extend\">\n                <p>\n                    Conseils sur les produits et les gammes, d\u00e9veloppement de designs cr\u00e9atifs, cr\u00e9ation de maquettes et de donn\u00e9es d&#039;impression. \u2192                <\/p>\n            <\/div>\n                                <\/a>\n\n        \n        <a target=\"_blank\" onclick=\"if (!this.href || this.href === &#039;#&#039;) { return false; }\" style=\"cursor: ;\" href=\"https:\/\/www.igcpromotions.com\/our-locations\/\" class=\"item-card\" rel=\"noopener\">\n            <div class=\"item-card-inner\">\n                <img decoding=\"async\" src=\"https:\/\/polydono.ch\/wp-content\/uploads\/2024\/09\/image-7.png\" alt=\"Logistique\" class=\"product-category-img\"\/>\n                <div class=\"product-category-detail\">\n                                        <h3>\n                        Logistique                    <\/h3>\n                    <p>\n                                            <\/p>\n                                    <\/div>\n            <\/div>\n                        <div class=\"description-extend\">\n                <p>\n                    Approvisionnement en marchandises, transport, stockage, manutention, livraison, facturation et encaissement. Et ce, sur place, dans le monde entier. \u2192                <\/p>\n            <\/div>\n                                <\/a>\n\n        \n        <a target=\"\" onclick=\"if (!this.href || this.href === &#039;#&#039;) { return false; }\" style=\"cursor: ;\" href=\"https:\/\/polydono.ch\/fr\/services\/\" class=\"item-card\">\n            <div class=\"item-card-inner\">\n                <img decoding=\"async\" src=\"https:\/\/polydono.ch\/wp-content\/uploads\/2024\/08\/0ead566f419a7bd881f9cb77d91bd7fa.jpeg\" alt=\"Distribution\" class=\"product-category-img\"\/>\n                <div class=\"product-category-detail\">\n                                        <h3>\n                        Distribution                    <\/h3>\n                    <p>\n                                            <\/p>\n                                    <\/div>\n            <\/div>\n                        <div class=\"description-extend\">\n                <p>\n                    100% outsorurcing, avec des e-shops et des merchandising shops sur mesure sur place. \u2192                <\/p>\n            <\/div>\n                                <\/a>\n\n        \n        <a target=\"\" onclick=\"if (!this.href || this.href === '#') { return false; }\" style=\"cursor: ;\" href=\"\/fr\/projets\/salle-dexposition\/\" class=\"item-card\">\n            <div class=\"item-card-inner\">\n                <img decoding=\"async\" src=\"https:\/\/polydono.ch\/wp-content\/uploads\/2024\/09\/showroom.jpg\" alt=\"Salle d&#039;exposition\" class=\"product-category-img\"\/>\n                <div class=\"product-category-detail\">\n                                        <h3>\n                        Salle d&#039;exposition                    <\/h3>\n                    <p>\n                                            <\/p>\n                                    <\/div>\n            <\/div>\n                        <div class=\"description-extend\">\n                <p>\n                    Dans notre showroom, nous pr\u00e9sentons un grand choix d&#039;articles publicitaires et de v\u00eatements d&#039;\u00e9quipe \u00e0 toucher, \u00e0 d\u00e9couvrir et \u00e0 essayer. \u2192                <\/p>\n            <\/div>\n                                <\/a>\n\n        \n        <a target=\"\" onclick=\"if (!this.href || this.href === &#039;#&#039;) { return false; }\" style=\"cursor: ;\" href=\"https:\/\/shop.polydono.ch\/webshop\" class=\"item-card\">\n            <div class=\"item-card-inner\">\n                <img decoding=\"async\" src=\"https:\/\/polydono.ch\/wp-content\/uploads\/2024\/09\/Rectangle-150-2-1.png\" alt=\"Service d&#039;\u00e9chantillons\" class=\"product-category-img\"\/>\n                <div class=\"product-category-detail\">\n                                        <h3>\n                        Service d&#039;\u00e9chantillons                    <\/h3>\n                    <p>\n                                            <\/p>\n                                    <\/div>\n            <\/div>\n                        <div class=\"description-extend\">\n                <p>\n                    Notre grand stock d&#039;\u00e9chantillons permet de tester et d&#039;expertiser rapidement les produits au pr\u00e9alable. Nous recommandons les \u00e9chantillons d&#039;essai 1:1 pour les fabrications sp\u00e9ciales. \u2192                <\/p>\n            <\/div>\n                                <\/a>\n\n            <\/div>\n<\/div>\n\n<script>\n    (function($) {\n        'use strict';\n\n        $(document).ready(function(){\n\n        });\n\n    })(jQuery);\n<\/script><\/div><\/div>\n\n\n\n<div class=\"wp-block-cover pre-footer-element\" style=\"margin-top:120px;margin-bottom:0px;padding-top:150px;padding-right:200px;padding-bottom:150px;padding-left:200px\"><span aria-hidden=\"true\" class=\"wp-block-cover__background has-background-dim-100 has-background-dim\" style=\"background-color:#6e1d69\"><\/span><div class=\"wp-block-cover__inner-container has-global-padding is-layout-constrained wp-container-core-cover-is-layout-5333e8a4 wp-block-cover-is-layout-constrained\">\n<h3 class=\"wp-block-heading responsive-text has-white-color has-text-color has-link-color wp-elements-fac23d3ffc5d62a65206347ebad9bba6\" style=\"font-size:40px;font-style:normal;font-weight:700;line-height:1.2\">Commen\u00e7ons \u00e0 travailler !\n\u2192 Entrez en contact <\/h3>\n\n\n\n<div class=\"wp-block-group mobile-flex-column is-nowrap is-layout-flex wp-container-core-group-is-layout-e5063a27 wp-block-group-is-layout-flex\" style=\"margin-top:48px;margin-bottom:0px;padding-top:0px;padding-right:0px;padding-bottom:0px;padding-left:0px\">\n<div class=\"wp-block-cover is-light wp-container-content-2f62e668\" style=\"margin-top:0px;margin-bottom:0px;padding-top:0px;padding-right:0px;padding-bottom:0px;padding-left:0px;min-height:100%;aspect-ratio:unset;\"><span aria-hidden=\"true\" class=\"wp-block-cover__background has-background-dim-0 has-background-dim\"><\/span><div class=\"wp-block-cover__inner-container has-global-padding is-layout-constrained wp-container-core-cover-is-layout-f533a1e4 wp-block-cover-is-layout-constrained\">\n<div class=\"wp-block-group wp-container-content-71ee5305 has-global-padding is-layout-constrained wp-container-core-group-is-layout-a39a8e8a wp-block-group-is-layout-constrained\" style=\"margin-top:0px;margin-bottom:0px;padding-top:0px;padding-right:0px;padding-bottom:0px;padding-left:0px\">\n<style>\n    #polydono-product-category-block-block_02940e32fbba181b0328014f1c0eaacb .polydono-outline-button{\n        border-color: #fff;\n        color: #fff;\n    }\n\n    #polydono-product-category-block-block_02940e32fbba181b0328014f1c0eaacb .polydono-outline-button:hover{\n        border-color: #6E1D69;\n        color: #6E1D69;\n        background-color: #fff;\n    }\n<\/style>\n\n<div class=\"polydono-product-category-block\" id=\"polydono-product-category-block-block_02940e32fbba181b0328014f1c0eaacb\">\n    <a href=\"\/fr\/conseil\/\" class=\"polydono-outline-button\">\n        <span>\n            Laisse-toi conseiller !        <\/span>\n    <\/a>\n<\/div>\n\n<script>\n    (function($) {\n        'use strict';\n\n        $(document).ready(function(){\n\n        });\n\n    })(jQuery);\n<\/script><\/div>\n<\/div><\/div>\n<\/div>\n<\/div><\/div>\n","protected":false},"excerpt":{"rendered":"","protected":false},"author":3,"featured_media":0,"parent":0,"menu_order":0,"comment_status":"closed","ping_status":"closed","template":"","meta":{"_acf_changed":false,"footnotes":""},"class_list":["post-1421","page","type-page","status-publish","hentry"],"acf":[],"_links":{"self":[{"href":"https:\/\/polydono.ch\/fr\/wp-json\/wp\/v2\/pages\/1421","targetHints":{"allow":["GET"]}}],"collection":[{"href":"https:\/\/polydono.ch\/fr\/wp-json\/wp\/v2\/pages"}],"about":[{"href":"https:\/\/polydono.ch\/fr\/wp-json\/wp\/v2\/types\/page"}],"author":[{"embeddable":true,"href":"https:\/\/polydono.ch\/fr\/wp-json\/wp\/v2\/users\/3"}],"replies":[{"embeddable":true,"href":"https:\/\/polydono.ch\/fr\/wp-json\/wp\/v2\/comments?post=1421"}],"version-history":[{"count":9,"href":"https:\/\/polydono.ch\/fr\/wp-json\/wp\/v2\/pages\/1421\/revisions"}],"predecessor-version":[{"id":3403,"href":"https:\/\/polydono.ch\/fr\/wp-json\/wp\/v2\/pages\/1421\/revisions\/3403"}],"wp:attachment":[{"href":"https:\/\/polydono.ch\/fr\/wp-json\/wp\/v2\/media?parent=1421"}],"curies":[{"name":"wp","href":"https:\/\/api.w.org\/{rel}","templated":true}]}}