{"id":1419,"date":"2024-09-10T08:41:38","date_gmt":"2024-09-10T08:41:38","guid":{"rendered":"https:\/\/polydono.ch\/salle-dexposition\/"},"modified":"2024-10-10T06:10:35","modified_gmt":"2024-10-10T06:10:35","slug":"salle-dexposition","status":"publish","type":"page","link":"https:\/\/polydono.ch\/fr\/projets\/salle-dexposition\/","title":{"rendered":"Salle d&rsquo;exposition"},"content":{"rendered":"\n<div class=\"wp-block-cover main-overlay\" style=\"min-height:764px;aspect-ratio:unset;\"><span aria-hidden=\"true\" class=\"wp-block-cover__background has-background-dim-0 has-background-dim\" style=\"background-color:#005ea1\"><\/span><img loading=\"lazy\" decoding=\"async\" width=\"1920\" height=\"845\" class=\"wp-block-cover__image-background wp-image-908\" alt=\"\" src=\"https:\/\/polydono.ch\/wp-content\/uploads\/2024\/09\/showroom-header.jpg\" style=\"object-position:48% 83%\" data-object-fit=\"cover\" data-object-position=\"48% 83%\" srcset=\"https:\/\/polydono.ch\/wp-content\/uploads\/2024\/09\/showroom-header.jpg 1920w, https:\/\/polydono.ch\/wp-content\/uploads\/2024\/09\/showroom-header-300x132.jpg 300w, https:\/\/polydono.ch\/wp-content\/uploads\/2024\/09\/showroom-header-1024x451.jpg 1024w, https:\/\/polydono.ch\/wp-content\/uploads\/2024\/09\/showroom-header-768x338.jpg 768w, https:\/\/polydono.ch\/wp-content\/uploads\/2024\/09\/showroom-header-1536x676.jpg 1536w\" sizes=\"auto, (max-width: 1920px) 100vw, 1920px\" \/><div class=\"wp-block-cover__inner-container has-global-padding is-layout-constrained wp-block-cover-is-layout-constrained\">\n<p class=\"has-text-align-center has-large-font-size\"><\/p>\n<\/div><\/div>\n\n\n\n<div class=\"wp-block-cover is-light banner-cover-card has-aspect-ratio\" style=\"margin-top:-250px;margin-bottom:0px;padding-top:0px;padding-right:0px;padding-bottom:0px;padding-left:0px;min-height:50px;aspect-ratio:auto;min-height:unset;\"><span aria-hidden=\"true\" class=\"wp-block-cover__background has-vivid-cyan-blue-background-color has-background-dim-0 has-background-dim\"><\/span><div class=\"wp-block-cover__inner-container has-global-padding is-layout-constrained wp-container-core-cover-is-layout-11ecfc75 wp-block-cover-is-layout-constrained\">\n<div class=\"wp-block-group is-nowrap is-layout-flex wp-container-core-group-is-layout-8750df27 wp-block-group-is-layout-flex\" style=\"margin-top:0px;margin-bottom:0px;padding-top:0px;padding-right:0px;padding-bottom:0px;padding-left:0px\">\n<div class=\"wp-block-group float-blue-box has-background wp-container-content-9e2f13cb is-vertical is-layout-flex wp-container-core-group-is-layout-74932e2a wp-block-group-is-layout-flex\" style=\"border-radius:5px;background-color:#005ea1;margin-top:0px;margin-bottom:0px;padding-top:48px;padding-right:132px;padding-bottom:76px;padding-left:109px\">\n<h2 class=\"wp-block-heading has-white-color has-text-color has-link-color wp-elements-18d6a4a78f24ab616672ef0338ff3c54\" style=\"font-size:40px;font-style:normal;font-weight:700;line-height:1.2\">Showroom \u00e0 votre disposition  <\/h2>\n\n\n\n<p class=\"has-white-color has-text-color has-link-color wp-elements-8d36c4c8783fec12512c4059941b8514\" style=\"font-size:20px;font-style:normal;font-weight:700;line-height:1.2\">Les articles publicitaires doivent \u00eatre pris en main. Dans notre showroom de G\u00fcmligen, nous vous pr\u00e9sentons un grand choix d&rsquo;articles publicitaires et promotionnels, de cadeaux Liefestyle et de v\u00eatements d&rsquo;\u00e9quipe \u00e0 toucher, \u00e0 essayer et \u00e0 exp\u00e9rimenter.<\/p>\n\n\n\n<p class=\"has-white-color has-text-color has-link-color wp-elements-ffa9f8f0f2df82ed3f20396cab9f2416\" style=\"font-size:20px;font-style:normal;font-weight:700;line-height:1.2\">Venez prendre un caf\u00e9, faites une demande de rendez-vous tout de suite !<\/p>\n\n\n\n<p class=\"has-white-color has-text-color has-link-color wp-elements-6c43a9bd8acef61eb9b56b99e5c97475\" style=\"font-size:20px;font-style:normal;font-weight:700;line-height:1.2\"><a href=\"https:\/\/polydono.ch\/fr\/contact\/\"><\/a><a href=\"https:\/\/polydono.ch\/fr\/contact\/\">\u2192 Demande de renseignements<\/a><\/p>\n\n\n\n<p class=\"has-white-color has-text-color has-link-color has-medium-font-size wp-elements-aae79dafc1b9a7bd1454b5f3fef2afdf\">Si vous nous envoyez votre briefing \u00e0 l&rsquo;avance, nous vous fournirons imm\u00e9diatement les \u00e9chantillons appropri\u00e9s.<\/p>\n\n\n\n<div class=\"wp-block-columns button-blue-box-wrap is-layout-flex wp-container-core-columns-is-layout-28f84493 wp-block-columns-is-layout-flex\">\n<div class=\"wp-block-column is-layout-flow wp-block-column-is-layout-flow\">\n<p class=\"has-white-color has-text-color has-link-color has-medium-font-size wp-elements-296a29870d37415bd53d5ea6b47cd026\" style=\"font-style:normal;font-weight:700\"><a href=\"https:\/\/polydono.ch\/fr\/conseil\/\"><\/a><a href=\"https:\/\/polydono.ch\/fr\/conseil\/\">\u2192 Consultation<\/a><\/p>\n<\/div>\n\n\n\n<div class=\"wp-block-column is-layout-flow wp-block-column-is-layout-flow\">\n<p class=\"has-white-color has-text-color has-link-color has-medium-font-size wp-elements-56ca166c605e989ebd01bc7fbd51b822\" style=\"font-style:normal;font-weight:700\"><a href=\"https:\/\/polydono.ch\/fr\/services\/#services\"><\/a><a href=\"https:\/\/polydono.ch\/fr\/services\/#services\">\u2190 Retour<\/a><\/p>\n<\/div>\n<\/div>\n<\/div>\n<\/div>\n<\/div><\/div>\n\n\n\n<div class=\"wp-block-cover is-light m-top-responsive home-cover\" style=\"margin-top:120px;margin-bottom:0px;padding-top:0px;padding-bottom:0px;min-height:50px;aspect-ratio:unset;\"><span aria-hidden=\"true\" class=\"wp-block-cover__background has-white-background-color has-background-dim-100 has-background-dim\"><\/span><div class=\"wp-block-cover__inner-container has-global-padding is-layout-constrained wp-container-core-cover-is-layout-a7d65ab0 wp-block-cover-is-layout-constrained\">\n<style>\n    #polydono-product-category-block-block_dec779456a0df9bb7422eee9604edc97 .polydono-repeater-card .product-category-detail h3 {\n        color: #ffffff;\n    }\n    #polydono-product-category-block-block_dec779456a0df9bb7422eee9604edc97 .polydono-repeater-card .product-category-detail p {\n        color: ;\n    }\n    #polydono-product-category-block-block_dec779456a0df9bb7422eee9604edc97 .polydono-repeater-card .item-card {\n        background-color: #005EA1;\n    }\n    #polydono-product-category-block-block_dec779456a0df9bb7422eee9604edc97 .polydono-repeater-card .description-extend {\n        color: ;\n    }\n\n\t.polydono-repeater-card{\n\t\tdisplay: flex;\n        justify-content: start;\n        flex-wrap: wrap;\n\t\tgap: 20px;\n\t}\n\t.polydono-repeater-card .item-card {\n\t\twidth: auto;\n\t\tpadding: 0;\n        background-color: #005EA1;\n        max-width: 420px;\n        border-radius: 5px;\n        overflow: hidden;\n        position: relative;\n        height: auto;\n\t}\n\t.polydono-repeater-card .item-card-inner {\n\t\twidth: 100%;\n\t\theight: 100%;\n        position: relative;\n        aspect-ratio: 1\/1;\n        max-width: 420px;\n        max-height: 420px;\n\t}\n\t.polydono-repeater-card .product-category-img {\n\t\twidth: 100%;\n\t\theight: 100%;\n\t\tobject-fit: cover;\n        min-width: 420px;\n        min-height: 420px;\n\t}\n\n    .polydono-repeater-card .description-extend{\n        font-family: Hind;\n        color: white;\n        font-weight: lighter;\n        font-size: 20px;\n        padding: 0;\n    }\n\n    .polydono-repeater-card .description-extend p{\n        margin: 36px 40px;\n    }\t\n\n\t@media only screen and (max-width: 768px) {\n        .polydono-repeater-card .product-category-img {\n\t\t\tmin-width: 100% !important;\n\t\t\tmin-height: 100% !important;\n\t\t\tobject-position: 50% 50%;\n\t\t}\n    }\n    @media only screen and (max-width: 600px) {\n        .polydono-repeater-card .polydono-repeater-card{\n            gap: 6px;\n        }\n\n        .polydono-repeater-card .item-card {\n            height: max-content;\n        }\n    }\n<\/style>\n\n\n<div class=\"polydono-product-category-block\" id=\"polydono-product-category-block-block_dec779456a0df9bb7422eee9604edc97\">\n    <div class=\"polydono-repeater-card\">\n        \n        <a target=\"\" onclick=\"if (!this.href || this.href === '#') { return false; }\" style=\"cursor: unset;\"  class=\"item-card\">\n            <div class=\"item-card-inner\">\n                <img decoding=\"async\" src=\"https:\/\/polydono.ch\/wp-content\/uploads\/2024\/09\/1.jpg\" alt=\"\" class=\"product-category-img\"\/>\n                <div class=\"product-category-detail\">\n                                        <h3>\n                                            <\/h3>\n                    <p>\n                                            <\/p>\n                                    <\/div>\n            <\/div>\n                                <\/a>\n\n        \n        <a target=\"\" onclick=\"if (!this.href || this.href === '#') { return false; }\" style=\"cursor: unset;\"  class=\"item-card\">\n            <div class=\"item-card-inner\">\n                <img decoding=\"async\" src=\"https:\/\/polydono.ch\/wp-content\/uploads\/2024\/09\/20240208_170120-1.jpg\" alt=\"\" class=\"product-category-img\"\/>\n                <div class=\"product-category-detail\">\n                                        <h3>\n                                            <\/h3>\n                    <p>\n                                            <\/p>\n                                    <\/div>\n            <\/div>\n                                <\/a>\n\n        \n        <a target=\"\" onclick=\"if (!this.href || this.href === '#') { return false; }\" style=\"cursor: unset;\"  class=\"item-card\">\n            <div class=\"item-card-inner\">\n                <img decoding=\"async\" src=\"https:\/\/polydono.ch\/wp-content\/uploads\/2024\/09\/20240208_170107-1.jpg\" alt=\"\" class=\"product-category-img\"\/>\n                <div class=\"product-category-detail\">\n                                        <h3>\n                                            <\/h3>\n                    <p>\n                                            <\/p>\n                                    <\/div>\n            <\/div>\n                                <\/a>\n\n        \n        <a target=\"\" onclick=\"if (!this.href || this.href === '#') { return false; }\" style=\"cursor: unset;\"  class=\"item-card\">\n            <div class=\"item-card-inner\">\n                <img decoding=\"async\" src=\"https:\/\/polydono.ch\/wp-content\/uploads\/2024\/09\/4.jpg\" alt=\"\" class=\"product-category-img\"\/>\n                <div class=\"product-category-detail\">\n                                        <h3>\n                                            <\/h3>\n                    <p>\n                                            <\/p>\n                                    <\/div>\n            <\/div>\n                                <\/a>\n\n            <\/div>\n<\/div>\n\n<script>\n    (function($) {\n        'use strict';\n\n        $(document).ready(function(){\n\n        });\n\n    })(jQuery);\n<\/script><\/div><\/div>\n\n\n\n<div class=\"wp-block-cover pre-footer-element\" style=\"margin-top:120px;margin-bottom:0px;padding-top:150px;padding-right:200px;padding-bottom:150px;padding-left:200px\"><span aria-hidden=\"true\" class=\"wp-block-cover__background has-background-dim-100 has-background-dim\" style=\"background-color:#6e1d69\"><\/span><div class=\"wp-block-cover__inner-container has-global-padding is-layout-constrained wp-container-core-cover-is-layout-5333e8a4 wp-block-cover-is-layout-constrained\">\n<h3 class=\"wp-block-heading responsive-text has-white-color has-text-color has-link-color wp-elements-194eaf40252232d2ba60fc48fd5c9f97\" style=\"font-size:40px;font-style:normal;font-weight:700;line-height:1.2\">Vous cherchez le bon objet publicitaire ?<br>Nous sommes l\u00e0 pour vous aider !<\/h3>\n\n\n\n<div class=\"wp-block-group mobile-flex-column is-nowrap is-layout-flex wp-container-core-group-is-layout-e5063a27 wp-block-group-is-layout-flex\" style=\"margin-top:48px;margin-bottom:0px;padding-top:0px;padding-right:0px;padding-bottom:0px;padding-left:0px\">\n<div class=\"wp-block-cover is-light wp-container-content-2f62e668\" style=\"margin-top:0px;margin-bottom:0px;padding-top:0px;padding-right:0px;padding-bottom:0px;padding-left:0px;min-height:100%;aspect-ratio:unset;\"><span aria-hidden=\"true\" class=\"wp-block-cover__background has-background-dim-0 has-background-dim\"><\/span><div class=\"wp-block-cover__inner-container has-global-padding is-layout-constrained wp-container-core-cover-is-layout-f533a1e4 wp-block-cover-is-layout-constrained\">\n<div class=\"wp-block-group wp-container-content-71ee5305 has-global-padding is-layout-constrained wp-container-core-group-is-layout-a39a8e8a wp-block-group-is-layout-constrained\" style=\"margin-top:0px;margin-bottom:0px;padding-top:0px;padding-right:0px;padding-bottom:0px;padding-left:0px\">\n<style>\n    #polydono-product-category-block-block_01dcfe686542f04e49e750b972fe75f6 .polydono-outline-button{\n        border-color: #fff;\n        color: #fff;\n    }\n\n    #polydono-product-category-block-block_01dcfe686542f04e49e750b972fe75f6 .polydono-outline-button:hover{\n        border-color: #6E1D69;\n        color: #6E1D69;\n        background-color: #fff;\n    }\n<\/style>\n\n<div class=\"polydono-product-category-block\" id=\"polydono-product-category-block-block_01dcfe686542f04e49e750b972fe75f6\">\n    <a href=\"\/fr\/conseil\/\" class=\"polydono-outline-button\">\n        <span>\n            Laisse-toi conseiller !        <\/span>\n    <\/a>\n<\/div>\n\n<script>\n    (function($) {\n        'use strict';\n\n        $(document).ready(function(){\n\n        });\n\n    })(jQuery);\n<\/script><\/div>\n<\/div><\/div>\n\n\n\n<div class=\"wp-block-cover is-light wp-container-content-663c14dd\" style=\"margin-top:0px;margin-bottom:0px;padding-top:0px;padding-right:10px;padding-bottom:0px;padding-left:10px\"><span aria-hidden=\"true\" class=\"wp-block-cover__background has-white-background-color has-background-dim-0 has-background-dim\"><\/span><div class=\"wp-block-cover__inner-container has-global-padding is-layout-constrained wp-container-core-cover-is-layout-5912cb13 wp-block-cover-is-layout-constrained\">\n<style>\n    .product-category-detail h3 {\n        color: #ffffff;\n    }\n    .product-category-detail p {\n        color: #ffffff;\n    }\n    .product-category-item-hover {\n        background: #6E1D69;\n    }\n    .product-category-hover-detail h3 {\n        color: #ffffff;\n    }\n    .product-category-hover-detail p {\n        color: #ffffff;\n    }\n    .product-category-item-hover a,\n    .product-category-item-hover a:hover {\n        border-color: #ffffff;\n        color: #ffffff;\n    }\n\n\t.product-category-loop {\n\t\tdisplay: grid;\n\t\tgrid-template-columns: repeat(12, minmax(0, 1fr));\n\t\tgap: 20px;\n\t}\n\t.product-category-item {\n\t\twidth: 100%;\n\t\tpadding: 0;\n\t}\n\t.product-category-item-inner {\n\t\twidth: 100%;\n\t\theight: 100%;\n\t}\n\t.product-category-img {\n\t\twidth: 100%;\n\t\theight: 100%;\n\t\tobject-fit: cover;\n\t}\n\t.product-category-item:nth-child(1) {\n\t\tgrid-column-start: 1;\n\t\tgrid-column-end: 5;\n\t\theight: 420px;\n\t}\n\t.product-category-item:nth-child(2) {\n\t\tgrid-column-start: 5;\n\t\tgrid-column-end: 13;\n\t\theight: 420px;\n\t}\n\t.product-category-item:nth-child(3) {\n\t\tgrid-row-start: 2;\n\t\tgrid-row-end: 2;\n\t\tgrid-column-start: 1;\n\t\tgrid-column-end: 7;\n\t\theight: 210px;\n\t}\n\t.product-category-item:nth-child(4) {\n\t\tgrid-row-start: 3;\n\t\tgrid-row-end: 3;\n\t\tgrid-column-start: 1;\n\t\tgrid-column-end: 7;\n\t\theight: 410px;\n\t}\n\t.product-category-item:nth-child(5) {\n\t\tgrid-row-start: 2;\n\t\tgrid-row-end: 4;\n\t\tgrid-column-start: 7;\n\t\tgrid-column-end: 13;\n\t\theight: 640px;\n\t}\n\t.product-category-item:nth-child(6) {\n\t\tgrid-column-start: 5;\n\t\tgrid-column-end: 13;\n\t\tgrid-row-start: 4;\n\t\tgrid-row-end: 4;\n\t\theight: 310px;\n\t}\n\t.product-category-item:nth-child(7) {\n\t\tgrid-row-start: 4;\n\t\tgrid-row-end: 6;\n\t\tgrid-column-start: 1;\n\t\tgrid-column-end: 5;\n\t\theight: 510px;\n\t}\n\t.product-category-item:nth-child(8) {\n\t\tgrid-column-start: 5;\n\t\tgrid-column-end: 13;\n\t\tgrid-row-start: 5;\n\t\tgrid-row-end: 5;\n\t\theight: 310px;\n\t}\n\t.product-category-item:nth-child(9) {\n\t\tgrid-column-start: 1;\n\t\tgrid-column-end: 5;\n\t\tgrid-row-start: 6;\n\t\tgrid-row-end: 7;\n\t\theight: 410px;\n\t\tmargin-top: -130px;\n\t}\n\t.product-category-item:nth-child(10) {\n\t\tgrid-column-start: 5;\n\t\tgrid-column-end: 13;\n\t\tgrid-row-start: 6;\n\t\tgrid-row-end: 6;\n\t\theight: 280px;\n\t}\n\t.product-category-item:nth-child(11) {\n\t\tgrid-column-start: 1;\n\t\tgrid-column-end: 7;\n\t\tgrid-row-start: 7;\n\t\tgrid-row-end: 7;\n\t\theight: 280px;\n\t}\n\t.product-category-item:nth-child(12) {\n\t\tgrid-column-start: 1;\n\t\tgrid-column-end: 7;\n\t\tgrid-row-start: 8;\n\t\tgrid-row-end: 8;\n\t\theight: 210px;\n\t}\n\t.product-category-item:nth-child(13) {\n\t\tgrid-column-start: 1;\n\t\tgrid-column-end: 7;\n\t\tgrid-row-start: 9;\n\t\tgrid-row-end: 9;\n\t\theight: 210px;\n\t}\n\t.product-category-item:nth-child(14) {\n\t\tgrid-column-start: 7;\n\t\tgrid-column-end: 13;\n\t\tgrid-row-start: 7;\n\t\tgrid-row-end: 10;\n\t\theight: 740px;\n\t}\n\n    @media only screen and (max-width: 600px) {\n        .product-category-loop{\n            gap: 6px;\n        }\n        .product-category-item:nth-child(1) {\n            height: 205px;\n        }\n        .product-category-item:nth-child(2) {\n            height: 205px;\n        }\n        .product-category-item:nth-child(3) {\n            height: 109px;\n        }\n        .product-category-item:nth-child(4) {\n            height: 156px;\n        }\n        .product-category-item:nth-child(5) {\n            height: 270px;\n        }\n        .product-category-item:nth-child(6) {\n            height: 90px;\n        }\n        .product-category-item:nth-child(7) {\n            height: 138px;\n        }\n        .product-category-item:nth-child(8) {\n            height: 90px;\n        }\n        .product-category-item:nth-child(9) {\n            margin-top: -47px;\n            height: 137px;\n        }\n        .product-category-item:nth-child(10) {\n            height: 90px;\n        }\n        .product-category-item:nth-child(11) {\n            height: 74px;\n        }\n        .product-category-item:nth-child(12) {\n            height: 90px;\n        }\n        .special-box-inner{\n            height: auto;\n            padding: 8px 16px;\n        }\n        .special-box-inner a{\n            display: none !important;\n        }\n        .product-category-item:nth-child(13) {\n            height: 90px;\n        }\n        .product-category-item:nth-child(14) {\n            height: 266px;\n        }\n    }\n<\/style>\n\n<div class=\"polydono-product-category-block\" id=\"polydono-product-category-block-block_39cda43672c46b50b81b47259fa6a622\">\n    <div class=\"product-category-loop\">\n                <a href=\"\/fr\/style-de-vie-et-tendances\/\" target=\"\" class=\"product-category-item\">\n            <div class=\"product-category-item-inner\">\n                <img decoding=\"async\" src=\"https:\/\/polydono.ch\/wp-content\/uploads\/2024\/08\/Rectangle-150.png\" alt=\"Mode de vie &amp; tendances\" class=\"product-category-img\"\/>\n                <div class=\"product-category-detail\">\n                    <h3>\n                        Mode de vie &amp; tendances                    <\/h3>\n                    <p>\n                        Derni\u00e8res nouvelles                    <\/p>\n                <\/div>\n                            <\/div>\n        <\/a>\n        \n                <a href=\"\/fr\/swissness\/\" target=\"\" class=\"product-category-item\">\n            <div class=\"product-category-item-inner\">\n                <img decoding=\"async\" src=\"https:\/\/polydono.ch\/wp-content\/uploads\/2024\/08\/Rectangle-152.png\" alt=\"Swiss made\" class=\"product-category-img\"\/>\n                <div class=\"product-category-detail\">\n                    <h3>\n                        Swiss made                    <\/h3>\n                    <p>\n                        Swissness &amp; tradition                     <\/p>\n                <\/div>\n                            <\/div>\n        <\/a>\n        \n                <a href=\"\/fr\/durabilite\/\" target=\"\" class=\"product-category-item\">\n            <div class=\"product-category-item-inner\">\n                <img decoding=\"async\" src=\"https:\/\/polydono.ch\/wp-content\/uploads\/2024\/08\/Rectangle-157.png\" alt=\"Durabilit\u00e9\" class=\"product-category-img\"\/>\n                <div class=\"product-category-detail\">\n                    <h3>\n                        Durabilit\u00e9                    <\/h3>\n                    <p>\n                        Durable &amp; \u00e9quitable                    <\/p>\n                <\/div>\n                            <\/div>\n        <\/a>\n        \n                <a href=\"https:\/\/shop.polydono.ch\/webshop?q=stilo\" target=\"_blank\" class=\"product-category-item\">\n            <div class=\"product-category-item-inner\">\n                <img decoding=\"async\" src=\"https:\/\/polydono.ch\/wp-content\/uploads\/2024\/08\/Rectangle-159.png\" alt=\"Stylo \u00e0 bille &amp; Office\" class=\"product-category-img\"\/>\n                <div class=\"product-category-detail\">\n                    <h3>\n                        Stylo \u00e0 bille &amp; Office                    <\/h3>\n                    <p>\n                        \u00c9crire &amp; noter                    <\/p>\n                <\/div>\n                            <\/div>\n        <\/a>\n        \n                <a href=\"https:\/\/shop.polydono.ch\/webshop?q=sacs\" target=\"_blank\" class=\"product-category-item\">\n            <div class=\"product-category-item-inner\">\n                <img decoding=\"async\" src=\"https:\/\/polydono.ch\/wp-content\/uploads\/2024\/08\/Rectangle-154.png\" alt=\"Sacs &amp; Sacs \u00e0 dos\" class=\"product-category-img\"\/>\n                <div class=\"product-category-detail\">\n                    <h3>\n                        Sacs &amp; Sacs \u00e0 dos                    <\/h3>\n                    <p>\n                        Aventure et voyages                    <\/p>\n                <\/div>\n                            <\/div>\n        <\/a>\n        \n            <\/div>\n<\/div>\n\n<script>\n    (function($) {\n        'use strict';\n\n        $(document).ready(function(){\n\t\t\t\/*\n            var productCategoryLoop = $('.product-category-loop').imagesLoaded(function() {\n                productCategoryLoop.masonry({\n                    itemSelector: '.product-category-item',\n                    columnWidth: '.product-category-item',\n                    percentPosition: true,\n\t\t\t\t\thorizontalOrder: true,\n                    transitionDuration: '0.65s',\n                })\n            });\n\t\t\t*\/\n        });\n\n    })(jQuery);\n<\/script><\/div><\/div>\n<\/div>\n<\/div><\/div>\n","protected":false},"excerpt":{"rendered":"","protected":false},"author":3,"featured_media":0,"parent":1425,"menu_order":0,"comment_status":"closed","ping_status":"closed","template":"","meta":{"_acf_changed":false,"footnotes":""},"class_list":["post-1419","page","type-page","status-publish","hentry"],"acf":[],"_links":{"self":[{"href":"https:\/\/polydono.ch\/fr\/wp-json\/wp\/v2\/pages\/1419","targetHints":{"allow":["GET"]}}],"collection":[{"href":"https:\/\/polydono.ch\/fr\/wp-json\/wp\/v2\/pages"}],"about":[{"href":"https:\/\/polydono.ch\/fr\/wp-json\/wp\/v2\/types\/page"}],"author":[{"embeddable":true,"href":"https:\/\/polydono.ch\/fr\/wp-json\/wp\/v2\/users\/3"}],"replies":[{"embeddable":true,"href":"https:\/\/polydono.ch\/fr\/wp-json\/wp\/v2\/comments?post=1419"}],"version-history":[{"count":3,"href":"https:\/\/polydono.ch\/fr\/wp-json\/wp\/v2\/pages\/1419\/revisions"}],"predecessor-version":[{"id":1633,"href":"https:\/\/polydono.ch\/fr\/wp-json\/wp\/v2\/pages\/1419\/revisions\/1633"}],"up":[{"embeddable":true,"href":"https:\/\/polydono.ch\/fr\/wp-json\/wp\/v2\/pages\/1425"}],"wp:attachment":[{"href":"https:\/\/polydono.ch\/fr\/wp-json\/wp\/v2\/media?parent=1419"}],"curies":[{"name":"wp","href":"https:\/\/api.w.org\/{rel}","templated":true}]}}