{"id":1389,"date":"2024-09-02T15:00:54","date_gmt":"2024-09-02T15:00:54","guid":{"rendered":"https:\/\/polydono.ch\/competences\/"},"modified":"2025-11-04T07:23:25","modified_gmt":"2025-11-04T07:23:25","slug":"competences","status":"publish","type":"page","link":"https:\/\/polydono.ch\/fr\/competences\/","title":{"rendered":"Comp\u00e9tences"},"content":{"rendered":"\n<div class=\"wp-block-cover main-overlay\" style=\"min-height:764px;aspect-ratio:unset;\"><img loading=\"lazy\" decoding=\"async\" width=\"1920\" height=\"845\" class=\"wp-block-cover__image-background wp-image-1017\" alt=\"\" src=\"https:\/\/polydono.ch\/wp-content\/uploads\/2024\/09\/Kompetenzen-web.jpg\" data-object-fit=\"cover\" srcset=\"https:\/\/polydono.ch\/wp-content\/uploads\/2024\/09\/Kompetenzen-web.jpg 1920w, https:\/\/polydono.ch\/wp-content\/uploads\/2024\/09\/Kompetenzen-web-300x132.jpg 300w, https:\/\/polydono.ch\/wp-content\/uploads\/2024\/09\/Kompetenzen-web-1024x451.jpg 1024w, https:\/\/polydono.ch\/wp-content\/uploads\/2024\/09\/Kompetenzen-web-768x338.jpg 768w, https:\/\/polydono.ch\/wp-content\/uploads\/2024\/09\/Kompetenzen-web-1536x676.jpg 1536w\" sizes=\"auto, (max-width: 1920px) 100vw, 1920px\" \/><span aria-hidden=\"true\" class=\"wp-block-cover__background has-background-dim-20 has-background-dim\" style=\"background-color:#005ea1\"><\/span><div class=\"wp-block-cover__inner-container has-global-padding is-layout-constrained wp-block-cover-is-layout-constrained\">\n<p class=\"has-text-align-center has-large-font-size\"><\/p>\n<\/div><\/div>\n\n\n\n<div class=\"wp-block-cover is-light banner-cover-card pointer-none has-aspect-ratio\" style=\"margin-top:-250px;margin-bottom:0px;padding-top:0px;padding-right:0px;padding-bottom:0px;padding-left:0px;min-height:50px;aspect-ratio:auto;min-height:unset;\"><span aria-hidden=\"true\" class=\"wp-block-cover__background has-vivid-cyan-blue-background-color has-background-dim-0 has-background-dim\"><\/span><div class=\"wp-block-cover__inner-container has-global-padding is-layout-constrained wp-container-core-cover-is-layout-11ecfc75 wp-block-cover-is-layout-constrained\">\n<div class=\"wp-block-group is-nowrap is-layout-flex wp-container-core-group-is-layout-8750df27 wp-block-group-is-layout-flex\" style=\"margin-top:0px;margin-bottom:0px;padding-top:0px;padding-right:0px;padding-bottom:0px;padding-left:0px\">\n<div class=\"wp-block-group float-blue-box has-background wp-container-content-9e2f13cb is-vertical is-layout-flex wp-container-core-group-is-layout-74932e2a wp-block-group-is-layout-flex\" style=\"border-radius:5px;background-color:#005ea1;margin-top:0px;margin-bottom:0px;padding-top:48px;padding-right:132px;padding-bottom:76px;padding-left:109px\">\n<h2 class=\"wp-block-heading has-white-color has-text-color has-link-color wp-elements-4fe3c647a75763e716a3371413713bb3\" style=\"font-size:40px;font-style:normal;font-weight:700;line-height:1.2\">Si unique et de grande qualit\u00e9&#8230;<\/h2>\n\n\n\n<p class=\"has-white-color has-text-color has-link-color wp-elements-32ed73c66f1cd383382d69d034e0ff50\" style=\"font-size:20px;font-style:normal;font-weight:700;line-height:1.2\">&#8230;\u00e0 l&rsquo;image de votre entreprise, vos articles promotionnels et vos v\u00eatements d&rsquo;\u00e9quipe doivent l&rsquo;\u00eatre aussi.\nQue vous souhaitiez fabriquer avec nous des produits uniques \u00ab\u00a0custom made\u00a0\u00bb ou que vous souhaitiez embellir des cadeaux de qualit\u00e9 pour vos clients avec un emballage cadeau personnalis\u00e9. <\/p>\n\n\n\n<p class=\"has-white-color has-text-color has-link-color wp-elements-cdf14baf25dd06c9ebca92585b85ffdb\" style=\"font-size:20px;line-height:1.5\">Gr\u00e2ce \u00e0 notre longue exp\u00e9rience et \u00e0 notre passion pour les produits publicitaires de qualit\u00e9, nous vous garantissons un service de premier ordre.<\/p>\n\n\n\n<p class=\"has-white-color has-text-color has-link-color wp-elements-548df7588aaa9c348f7f0ed4c2f29738\" style=\"font-size:20px;line-height:1.5\"><strong>Depuis 1979, nous sommes experts en solutions bien pens\u00e9es et \u00e9l\u00e9gantes.<\/strong><\/p>\n<\/div>\n<\/div>\n<\/div><\/div>\n\n\n\n<div class=\"wp-block-cover is-light m-top-responsive home-cover\" style=\"margin-top:120px;margin-bottom:0px;padding-top:0px;padding-bottom:0px;min-height:50px;aspect-ratio:unset;\"><span aria-hidden=\"true\" class=\"wp-block-cover__background has-white-background-color has-background-dim-100 has-background-dim\"><\/span><div class=\"wp-block-cover__inner-container has-global-padding is-layout-constrained wp-container-core-cover-is-layout-a7d65ab0 wp-block-cover-is-layout-constrained\">\n<style>\n    #polydono-product-category-block-block_01e4e4b8d0669a0e502622b11bf67b85 .polydono-repeater-card .product-category-detail h3 {\n        color: #ffffff;\n    }\n    #polydono-product-category-block-block_01e4e4b8d0669a0e502622b11bf67b85 .polydono-repeater-card .product-category-detail p {\n        color: ;\n    }\n    #polydono-product-category-block-block_01e4e4b8d0669a0e502622b11bf67b85 .polydono-repeater-card .item-card {\n        background-color: #005EA1;\n    }\n    #polydono-product-category-block-block_01e4e4b8d0669a0e502622b11bf67b85 .polydono-repeater-card .description-extend {\n        color: ;\n    }\n\n\t.polydono-repeater-card{\n\t\tdisplay: flex;\n        justify-content: start;\n        flex-wrap: wrap;\n\t\tgap: 20px;\n\t}\n\t.polydono-repeater-card .item-card {\n\t\twidth: auto;\n\t\tpadding: 0;\n        background-color: #005EA1;\n        max-width: 420px;\n        border-radius: 5px;\n        overflow: hidden;\n        position: relative;\n        height: auto;\n\t}\n\t.polydono-repeater-card .item-card-inner {\n\t\twidth: 100%;\n\t\theight: 100%;\n        position: relative;\n        aspect-ratio: 1\/1;\n        max-width: 420px;\n        max-height: 420px;\n\t}\n\t.polydono-repeater-card .product-category-img {\n\t\twidth: 100%;\n\t\theight: 100%;\n\t\tobject-fit: cover;\n        min-width: 420px;\n        min-height: 420px;\n\t}\n\n    .polydono-repeater-card .description-extend{\n        font-family: Hind;\n        color: white;\n        font-weight: lighter;\n        font-size: 20px;\n        padding: 0;\n    }\n\n    .polydono-repeater-card .description-extend p{\n        margin: 36px 40px;\n    }\t\n\n\t@media only screen and (max-width: 768px) {\n        .polydono-repeater-card .product-category-img {\n\t\t\tmin-width: 100% !important;\n\t\t\tmin-height: 100% !important;\n\t\t\tobject-position: 50% 50%;\n\t\t}\n    }\n    @media only screen and (max-width: 600px) {\n        .polydono-repeater-card .polydono-repeater-card{\n            gap: 6px;\n        }\n\n        .polydono-repeater-card .item-card {\n            height: max-content;\n        }\n    }\n<\/style>\n\n\n<div class=\"polydono-product-category-block\" id=\"polydono-product-category-block-block_01e4e4b8d0669a0e502622b11bf67b85\">\n    <div class=\"polydono-repeater-card\">\n        \n        <a target=\"_blank\" onclick=\"if (!this.href || this.href === '#') { return false; }\" style=\"cursor: ;\" href=\"https:\/\/polydono.ch\/fr\/conseil\/\" class=\"item-card\">\n            <div class=\"item-card-inner\">\n                <img decoding=\"async\" src=\"https:\/\/polydono.ch\/wp-content\/uploads\/2024\/09\/Rectangle-150-6.png\" alt=\"Produits d&#039;entreprise\" class=\"product-category-img\"\/>\n                <div class=\"product-category-detail\">\n                                        <h3>\n                        Produits d&#039;entreprise                    <\/h3>\n                    <p>\n                        et ton produit entre dans l&#039;histoire !                    <\/p>\n                                    <\/div>\n            <\/div>\n                                <\/a>\n\n        \n        <a target=\"_blank\" onclick=\"if (!this.href || this.href === '#') { return false; }\" style=\"cursor: ;\" href=\"https:\/\/shop.polydono.ch\/webshop?category=131&#038;category=134&#038;category=139&#038;category=147&#038;category=151\" class=\"item-card\">\n            <div class=\"item-card-inner\">\n                <img decoding=\"async\" src=\"https:\/\/polydono.ch\/wp-content\/uploads\/2025\/08\/Teambekleidung.png\" alt=\"Mode d&#039;entreprise\" class=\"product-category-img\"\/>\n                <div class=\"product-category-detail\">\n                                        <h3>\n                        Mode d&#039;entreprise                    <\/h3>\n                    <p>\n                        et ton \u00e9quipe va dans le m\u00eame sens !                    <\/p>\n                                    <\/div>\n            <\/div>\n                                <\/a>\n\n        \n        <a target=\"\" onclick=\"if (!this.href || this.href === '#') { return false; }\" style=\"cursor: unset;\"  class=\"item-card\">\n            <div class=\"item-card-inner\">\n                <img decoding=\"async\" src=\"https:\/\/polydono.ch\/wp-content\/uploads\/2025\/08\/Personnalmotiviation.png\" alt=\"Motivation d&#039;\u00e9quipe\" class=\"product-category-img\"\/>\n                <div class=\"product-category-detail\">\n                                        <h3>\n                        Motivation d&#039;\u00e9quipe                    <\/h3>\n                    <p>\n                        et l&#039;esprit d&#039;\u00e9quipe se d\u00e9veloppe !                    <\/p>\n                                    <\/div>\n            <\/div>\n                                <\/a>\n\n        \n        <a target=\"\" onclick=\"if (!this.href || this.href === '#') { return false; }\" style=\"cursor: ;\" href=\"\/fr\/conseil\/\" class=\"item-card\">\n            <div class=\"item-card-inner\">\n                <img decoding=\"async\" src=\"https:\/\/polydono.ch\/wp-content\/uploads\/2024\/09\/kapo-web-2.jpg\" alt=\"Fabrication sp\u00e9ciale\" class=\"product-category-img\"\/>\n                <div class=\"product-category-detail\">\n                                        <h3>\n                        Fabrication sp\u00e9ciale                    <\/h3>\n                    <p>\n                        et le produit fera mouche !                    <\/p>\n                                    <\/div>\n            <\/div>\n                                <\/a>\n\n        \n        <a target=\"\" onclick=\"if (!this.href || this.href === '#') { return false; }\" style=\"cursor: ;\" href=\"\/fr\/services\/\" class=\"item-card\">\n            <div class=\"item-card-inner\">\n                <img decoding=\"async\" src=\"https:\/\/polydono.ch\/wp-content\/uploads\/2024\/09\/Rectangle-150-7.png\" alt=\"Merchandising\" class=\"product-category-img\"\/>\n                <div class=\"product-category-detail\">\n                                        <h3>\n                        Merchandising                    <\/h3>\n                    <p>\n                        et il reste du temps pour l&#039;essentie !                    <\/p>\n                                    <\/div>\n            <\/div>\n                                <\/a>\n\n        \n        <a target=\"\" onclick=\"if (!this.href || this.href === '#') { return false; }\" style=\"cursor: unset;\"  class=\"item-card\">\n            <div class=\"item-card-inner\">\n                <img decoding=\"async\" src=\"https:\/\/polydono.ch\/wp-content\/uploads\/2025\/02\/BlackBlum-food.png\" alt=\"Services complets\" class=\"product-category-img\"\/>\n                <div class=\"product-category-detail\">\n                                        <h3>\n                        Services complets                    <\/h3>\n                    <p>\n                        et tu es s\u00fbr que \u00e7a va aller !                    <\/p>\n                                    <\/div>\n            <\/div>\n                                <\/a>\n\n            <\/div>\n<\/div>\n\n<script>\n    (function($) {\n        'use strict';\n\n        $(document).ready(function(){\n\n        });\n\n    })(jQuery);\n<\/script><\/div><\/div>\n\n\n\n<div class=\"wp-block-cover pre-footer-element\" style=\"margin-top:120px;margin-bottom:0px;padding-top:150px;padding-right:200px;padding-bottom:150px;padding-left:200px\"><span aria-hidden=\"true\" class=\"wp-block-cover__background has-background-dim-100 has-background-dim\" style=\"background-color:#6e1d69\"><\/span><div class=\"wp-block-cover__inner-container has-global-padding is-layout-constrained wp-container-core-cover-is-layout-5333e8a4 wp-block-cover-is-layout-constrained\">\n<h3 class=\"wp-block-heading responsive-text has-white-color has-text-color has-link-color wp-elements-194eaf40252232d2ba60fc48fd5c9f97\" style=\"font-size:40px;font-style:normal;font-weight:700;line-height:1.2\">Vous cherchez le bon objet publicitaire ?<br>Nous sommes l\u00e0 pour vous aider !<\/h3>\n\n\n\n<div class=\"wp-block-group mobile-flex-column is-nowrap is-layout-flex wp-container-core-group-is-layout-e5063a27 wp-block-group-is-layout-flex\" style=\"margin-top:48px;margin-bottom:0px;padding-top:0px;padding-right:0px;padding-bottom:0px;padding-left:0px\">\n<div class=\"wp-block-cover is-light wp-container-content-2f62e668\" style=\"margin-top:0px;margin-bottom:0px;padding-top:0px;padding-right:0px;padding-bottom:0px;padding-left:0px;min-height:100%;aspect-ratio:unset;\"><span aria-hidden=\"true\" class=\"wp-block-cover__background has-background-dim-0 has-background-dim\"><\/span><div class=\"wp-block-cover__inner-container has-global-padding is-layout-constrained wp-container-core-cover-is-layout-f533a1e4 wp-block-cover-is-layout-constrained\">\n<div class=\"wp-block-group wp-container-content-71ee5305 has-global-padding is-layout-constrained wp-container-core-group-is-layout-a39a8e8a wp-block-group-is-layout-constrained\" style=\"margin-top:0px;margin-bottom:0px;padding-top:0px;padding-right:0px;padding-bottom:0px;padding-left:0px\">\n<style>\n    #polydono-product-category-block-block_8b846ff2b764fe8e8836cd2892fab83f .polydono-outline-button{\n        border-color: #fff;\n        color: #fff;\n    }\n\n    #polydono-product-category-block-block_8b846ff2b764fe8e8836cd2892fab83f .polydono-outline-button:hover{\n        border-color: #6E1D69;\n        color: #6E1D69;\n        background-color: #fff;\n    }\n<\/style>\n\n<div class=\"polydono-product-category-block\" id=\"polydono-product-category-block-block_8b846ff2b764fe8e8836cd2892fab83f\">\n    <a href=\"\/anfrage\" class=\"polydono-outline-button\">\n        <span>\n            Lass dich beraten!        <\/span>\n    <\/a>\n<\/div>\n\n<script>\n    (function($) {\n        'use strict';\n\n        $(document).ready(function(){\n\n        });\n\n    })(jQuery);\n<\/script><\/div>\n<\/div><\/div>\n\n\n\n<div class=\"wp-block-cover is-light wp-container-content-663c14dd\" style=\"margin-top:0px;margin-bottom:0px;padding-top:0px;padding-right:10px;padding-bottom:0px;padding-left:10px\"><span aria-hidden=\"true\" class=\"wp-block-cover__background has-white-background-color has-background-dim-0 has-background-dim\"><\/span><div class=\"wp-block-cover__inner-container has-global-padding is-layout-constrained wp-container-core-cover-is-layout-5912cb13 wp-block-cover-is-layout-constrained\">\n<style>\n    .product-category-detail h3 {\n        color: #ffffff;\n    }\n    .product-category-detail p {\n        color: #ffffff;\n    }\n    .product-category-item-hover {\n        background: #6E1D69;\n    }\n    .product-category-hover-detail h3 {\n        color: #ffffff;\n    }\n    .product-category-hover-detail p {\n        color: #ffffff;\n    }\n    .product-category-item-hover a,\n    .product-category-item-hover a:hover {\n        border-color: #ffffff;\n        color: #ffffff;\n    }\n\n\t.product-category-loop {\n\t\tdisplay: grid;\n\t\tgrid-template-columns: repeat(12, minmax(0, 1fr));\n\t\tgap: 20px;\n\t}\n\t.product-category-item {\n\t\twidth: 100%;\n\t\tpadding: 0;\n\t}\n\t.product-category-item-inner {\n\t\twidth: 100%;\n\t\theight: 100%;\n\t}\n\t.product-category-img {\n\t\twidth: 100%;\n\t\theight: 100%;\n\t\tobject-fit: cover;\n\t}\n\t.product-category-item:nth-child(1) {\n\t\tgrid-column-start: 1;\n\t\tgrid-column-end: 5;\n\t\theight: 420px;\n\t}\n\t.product-category-item:nth-child(2) {\n\t\tgrid-column-start: 5;\n\t\tgrid-column-end: 13;\n\t\theight: 420px;\n\t}\n\t.product-category-item:nth-child(3) {\n\t\tgrid-row-start: 2;\n\t\tgrid-row-end: 2;\n\t\tgrid-column-start: 1;\n\t\tgrid-column-end: 7;\n\t\theight: 210px;\n\t}\n\t.product-category-item:nth-child(4) {\n\t\tgrid-row-start: 3;\n\t\tgrid-row-end: 3;\n\t\tgrid-column-start: 1;\n\t\tgrid-column-end: 7;\n\t\theight: 410px;\n\t}\n\t.product-category-item:nth-child(5) {\n\t\tgrid-row-start: 2;\n\t\tgrid-row-end: 4;\n\t\tgrid-column-start: 7;\n\t\tgrid-column-end: 13;\n\t\theight: 640px;\n\t}\n\t.product-category-item:nth-child(6) {\n\t\tgrid-column-start: 5;\n\t\tgrid-column-end: 13;\n\t\tgrid-row-start: 4;\n\t\tgrid-row-end: 4;\n\t\theight: 310px;\n\t}\n\t.product-category-item:nth-child(7) {\n\t\tgrid-row-start: 4;\n\t\tgrid-row-end: 6;\n\t\tgrid-column-start: 1;\n\t\tgrid-column-end: 5;\n\t\theight: 510px;\n\t}\n\t.product-category-item:nth-child(8) {\n\t\tgrid-column-start: 5;\n\t\tgrid-column-end: 13;\n\t\tgrid-row-start: 5;\n\t\tgrid-row-end: 5;\n\t\theight: 310px;\n\t}\n\t.product-category-item:nth-child(9) {\n\t\tgrid-column-start: 1;\n\t\tgrid-column-end: 5;\n\t\tgrid-row-start: 6;\n\t\tgrid-row-end: 7;\n\t\theight: 410px;\n\t\tmargin-top: -130px;\n\t}\n\t.product-category-item:nth-child(10) {\n\t\tgrid-column-start: 5;\n\t\tgrid-column-end: 13;\n\t\tgrid-row-start: 6;\n\t\tgrid-row-end: 6;\n\t\theight: 280px;\n\t}\n\t.product-category-item:nth-child(11) {\n\t\tgrid-column-start: 1;\n\t\tgrid-column-end: 7;\n\t\tgrid-row-start: 7;\n\t\tgrid-row-end: 7;\n\t\theight: 280px;\n\t}\n\t.product-category-item:nth-child(12) {\n\t\tgrid-column-start: 1;\n\t\tgrid-column-end: 7;\n\t\tgrid-row-start: 8;\n\t\tgrid-row-end: 8;\n\t\theight: 210px;\n\t}\n\t.product-category-item:nth-child(13) {\n\t\tgrid-column-start: 1;\n\t\tgrid-column-end: 7;\n\t\tgrid-row-start: 9;\n\t\tgrid-row-end: 9;\n\t\theight: 210px;\n\t}\n\t.product-category-item:nth-child(14) {\n\t\tgrid-column-start: 7;\n\t\tgrid-column-end: 13;\n\t\tgrid-row-start: 7;\n\t\tgrid-row-end: 10;\n\t\theight: 740px;\n\t}\n\n    @media only screen and (max-width: 600px) {\n        .product-category-loop{\n            gap: 6px;\n        }\n        .product-category-item:nth-child(1) {\n            height: 205px;\n        }\n        .product-category-item:nth-child(2) {\n            height: 205px;\n        }\n        .product-category-item:nth-child(3) {\n            height: 109px;\n        }\n        .product-category-item:nth-child(4) {\n            height: 156px;\n        }\n        .product-category-item:nth-child(5) {\n            height: 270px;\n        }\n        .product-category-item:nth-child(6) {\n            height: 90px;\n        }\n        .product-category-item:nth-child(7) {\n            height: 138px;\n        }\n        .product-category-item:nth-child(8) {\n            height: 90px;\n        }\n        .product-category-item:nth-child(9) {\n            margin-top: -47px;\n            height: 137px;\n        }\n        .product-category-item:nth-child(10) {\n            height: 90px;\n        }\n        .product-category-item:nth-child(11) {\n            height: 74px;\n        }\n        .product-category-item:nth-child(12) {\n            height: 90px;\n        }\n        .special-box-inner{\n            height: auto;\n            padding: 8px 16px;\n        }\n        .special-box-inner a{\n            display: none !important;\n        }\n        .product-category-item:nth-child(13) {\n            height: 90px;\n        }\n        .product-category-item:nth-child(14) {\n            height: 266px;\n        }\n    }\n<\/style>\n\n<div class=\"polydono-product-category-block\" id=\"polydono-product-category-block-block_9b7c4674911c8561485eae92ca4d7087\">\n    <div class=\"product-category-loop\">\n                <a href=\"\/fr\/style-de-vie-et-tendances\/\" target=\"\" class=\"product-category-item\">\n            <div class=\"product-category-item-inner\">\n                <img decoding=\"async\" src=\"https:\/\/polydono.ch\/wp-content\/uploads\/2024\/08\/Rectangle-150.png\" alt=\"Mode de vie &amp; tendances\" class=\"product-category-img\"\/>\n                <div class=\"product-category-detail\">\n                    <h3>\n                        Mode de vie &amp; tendances                    <\/h3>\n                    <p>\n                        Derni\u00e8res nouvelles                    <\/p>\n                <\/div>\n                            <\/div>\n        <\/a>\n        \n                <a href=\"\/fr\/swissness\/\" target=\"\" class=\"product-category-item\">\n            <div class=\"product-category-item-inner\">\n                <img decoding=\"async\" src=\"https:\/\/polydono.ch\/wp-content\/uploads\/2024\/08\/Rectangle-152.png\" alt=\"Swiss made\" class=\"product-category-img\"\/>\n                <div class=\"product-category-detail\">\n                    <h3>\n                        Swiss made                    <\/h3>\n                    <p>\n                        Swissness &amp; tradition                     <\/p>\n                <\/div>\n                            <\/div>\n        <\/a>\n        \n                <a href=\"\/fr\/durabilite\/\" target=\"\" class=\"product-category-item\">\n            <div class=\"product-category-item-inner\">\n                <img decoding=\"async\" src=\"https:\/\/polydono.ch\/wp-content\/uploads\/2024\/08\/Rectangle-157.png\" alt=\"Durabilit\u00e9\" class=\"product-category-img\"\/>\n                <div class=\"product-category-detail\">\n                    <h3>\n                        Durabilit\u00e9                    <\/h3>\n                    <p>\n                        Durable &amp; \u00e9quitable                    <\/p>\n                <\/div>\n                            <\/div>\n        <\/a>\n        \n                <a href=\"https:\/\/shop.polydono.ch\/webshop?q=stilo\" target=\"_blank\" class=\"product-category-item\">\n            <div class=\"product-category-item-inner\">\n                <img decoding=\"async\" src=\"https:\/\/polydono.ch\/wp-content\/uploads\/2024\/08\/Rectangle-159.png\" alt=\"Stylo \u00e0 bille &amp; Office\" class=\"product-category-img\"\/>\n                <div class=\"product-category-detail\">\n                    <h3>\n                        Stylo \u00e0 bille &amp; Office                    <\/h3>\n                    <p>\n                        \u00c9crire &amp; noter                    <\/p>\n                <\/div>\n                            <\/div>\n        <\/a>\n        \n                <a href=\"https:\/\/shop.polydono.ch\/webshop?q=sacs\" target=\"_blank\" class=\"product-category-item\">\n            <div class=\"product-category-item-inner\">\n                <img decoding=\"async\" src=\"https:\/\/polydono.ch\/wp-content\/uploads\/2024\/08\/Rectangle-154.png\" alt=\"Sacs &amp; Sacs \u00e0 dos\" class=\"product-category-img\"\/>\n                <div class=\"product-category-detail\">\n                    <h3>\n                        Sacs &amp; Sacs \u00e0 dos                    <\/h3>\n                    <p>\n                        Aventure et voyages                    <\/p>\n                <\/div>\n                            <\/div>\n        <\/a>\n        \n            <\/div>\n<\/div>\n\n<script>\n    (function($) {\n        'use strict';\n\n        $(document).ready(function(){\n\t\t\t\/*\n            var productCategoryLoop = $('.product-category-loop').imagesLoaded(function() {\n                productCategoryLoop.masonry({\n                    itemSelector: '.product-category-item',\n                    columnWidth: '.product-category-item',\n                    percentPosition: true,\n\t\t\t\t\thorizontalOrder: true,\n                    transitionDuration: '0.65s',\n                })\n            });\n\t\t\t*\/\n        });\n\n    })(jQuery);\n<\/script><\/div><\/div>\n<\/div>\n<\/div><\/div>\n","protected":false},"excerpt":{"rendered":"","protected":false},"author":2,"featured_media":0,"parent":0,"menu_order":0,"comment_status":"closed","ping_status":"closed","template":"","meta":{"_acf_changed":false,"footnotes":""},"class_list":["post-1389","page","type-page","status-publish","hentry"],"acf":[],"_links":{"self":[{"href":"https:\/\/polydono.ch\/fr\/wp-json\/wp\/v2\/pages\/1389","targetHints":{"allow":["GET"]}}],"collection":[{"href":"https:\/\/polydono.ch\/fr\/wp-json\/wp\/v2\/pages"}],"about":[{"href":"https:\/\/polydono.ch\/fr\/wp-json\/wp\/v2\/types\/page"}],"author":[{"embeddable":true,"href":"https:\/\/polydono.ch\/fr\/wp-json\/wp\/v2\/users\/2"}],"replies":[{"embeddable":true,"href":"https:\/\/polydono.ch\/fr\/wp-json\/wp\/v2\/comments?post=1389"}],"version-history":[{"count":8,"href":"https:\/\/polydono.ch\/fr\/wp-json\/wp\/v2\/pages\/1389\/revisions"}],"predecessor-version":[{"id":3030,"href":"https:\/\/polydono.ch\/fr\/wp-json\/wp\/v2\/pages\/1389\/revisions\/3030"}],"wp:attachment":[{"href":"https:\/\/polydono.ch\/fr\/wp-json\/wp\/v2\/media?parent=1389"}],"curies":[{"name":"wp","href":"https:\/\/api.w.org\/{rel}","templated":true}]}}